{"id":410,"date":"2019-02-14T15:28:13","date_gmt":"2019-02-14T15:28:13","guid":{"rendered":"http:\/\/conferences.wmu.se\/wmumaritimeweek\/?page_id=410"},"modified":"2024-05-31T11:42:55","modified_gmt":"2024-05-31T11:42:55","slug":"travel","status":"publish","type":"page","link":"https:\/\/conferences.wmu.se\/wmumaritimeweek\/info\/travel\/","title":{"rendered":"Travel"},"content":{"rendered":"<h3>hotel options<\/h3>\n<p><span><img decoding=\"async\" alt=\"\" data-id=\"1655\" width=\"1080\" data-init-width=\"1980\" height=\"459\" data-init-height=\"842\" title=\"Malmo\u0308-building-small\" loading=\"lazy\" src=\"\/\/conferences.wmu.se\/wmumaritimeweek\/wp-content\/uploads\/sites\/26\/2023\/03\/Malmo\u0308-building-small.jpg\" data-width=\"1080\" data-height=\"459\"><\/span><\/p>\n<p>The new World Maritime University building is centrally located and there are several hotels within walking distance of the University. Note that June is a very popular month for events in Malm\u00f6, and hotel space will be limited so it is wise to make bookings for your accommodation of choice as soon as possible.&nbsp;<\/p>\n<p><a href=\"https:\/\/www.nordicchoicehotels.se\/hotell\/sverige\/malmo\/clarion-hotel-malmo-live\/?gclid=CjwKCAjw5pShBhB_EiwAvmnNVzqNgOIBvQleb1XBOR4jrs-Rv6l4F-CZedRCRSxVR7lW-edx6v7QIBoC9oIQAvD_BwE\" target=\"_blank\" rel=\"noopener\">Clarion Malm\u00f6 Live<\/a><\/p>\n<p><span>Dag Hammarskj\u00f6lds torg 2, 211 18 Malm\u00f6<\/span><\/p>\n<p><span><span>Tel: +46 40-207500 (Choose alternative 3, package booking)<\/span><\/span><\/p>\n<p><span><span>Book via email: book@clarionlive.se<\/span><\/span><\/p>\n<p><span><span>Limited number of discounted standard rooms available using the following link: <\/span><\/span><a href=\"https:\/\/bit.ly\/3Vm2USu\" target=\"_blank\" rel=\"noopener\"><span><span>https:\/\/bit.ly\/3Vm2USu<\/span><\/span><\/a><\/p>\n<p><span><span>Cost ranges from 1350-1550 SEK depending on the day of the week. Breakfast is included. Note that a credit card is required to make the booking.<\/span><\/span><\/p>\n<p><a href=\"https:\/\/www.scandichotels.com\/hotels\/sweden\/malmo\/scandic-kramer?&amp;&amp;cmpid=ppc_BH2nd&amp;s_kwcid=AL!7589!3!550433551164!e!!g!!scandic%20kramer%20malm%C3%B6&amp;gclid=Cj0KCQjwn9CgBhDjARIsAD15h0DaGYOfr0pRL1l1IUpOtxyo0-RNx87GA15re1UOPlxwyr1Vtlsuu3oaAojYEALw_wcB&amp;gclsrc=aw.ds\" target=\"_blank\" rel=\"noopener\">Scandic Kramer<\/a><\/p>\n<p><span>Stortorget 7, 211 22 Malm\u00f6<\/span><\/p>\n<p><span><span>www.scandichotels.se<\/span><\/span><\/p>\n<p><span><span>Tel: +46 8 517 517 00&nbsp;<\/span><\/span><\/p>\n<p><span><span><\/span><\/span><\/p>\n<p><a href=\"https:\/\/www.nordicchoicehotels.se\/hotell\/sverige\/malmo\/comfort-hotel-malmo\/?gclid=CjwKCAiAp5nyBRABEiwApTwjXlbM0YVBZMVafKuNwlkCoJfR3vdvxXYndphwXs6FqOg2yMJWQ6PhhxoCKsIQAvD_BwE&amp;gclsrc=aw.ds\" target=\"_blank\" rel=\"noopener\">Comfort Hotel<\/a><\/p>\n<p><span>Carlsgatan 10 C, 211 20 Malm\u00f6<\/span><\/p>\n<p><span><span>co.malmo@choice.se<\/span><\/span><\/p>\n<p><span><span>Tel: +46 40 33 04 40<\/span><\/span><\/p>\n<p><span><span>Book via email: <a href=\"mailto:co.malmo@choice.se\" target=\"_blank\" rel=\"noopener\">co.malmo@choice.se<\/a><\/span><\/span><\/p>\n<p><span><span><\/span><\/span><\/p>\n<p><a href=\"https:\/\/bookings.elite.se\/ibe\/details.aspx?propertyid=16757&amp;nights=1&amp;checkin=19\/6\/2023&amp;group=9609578&amp;lang=en-gb\" target=\"_blank\" rel=\"noopener\">Elite Hotel Savoy<\/a><\/p>\n<p><span>Adelgatan 7, 201 80 Malm\u00f6<\/span><\/p>\n<p><span><span>info.residens@elite.se<\/span><\/span><\/p>\n<p><span><span>Tel: +46 40 66 44 890<\/span><\/span><\/p>\n<p><span><span><a href=\"https:\/\/bookings.elite.se\/ibe\/details.aspx?propertyid=16757&amp;nights=1&amp;checkin=19\/6\/2023&amp;group=9609578&amp;lang=en-gb\" target=\"_blank\" rel=\"noopener\"><span><span><\/span><\/span><\/a><\/span><\/span><\/p>\n<p><a href=\"https:\/\/www.elite.se\/sv\/hotell\/malmo\/plaza-hotel\/?utm_source=google&amp;utm_medium=organic&amp;utm_campaign=google-local&amp;utm_content=malmo_plaza\" target=\"_blank\" rel=\"noopener\">Elite Plaza Hotel Malm\u00f6<\/a><\/p>\n<p><span>Gustaf Adolfs Torg 49, 201 80 Malm\u00f6<\/span><\/p>\n<p><span><span>info.plazamalmo@elite.se<\/span><\/span><\/p>\n<p><span><span>Tel: +46 40 66 44 870<\/span><\/span><\/p>\n<p><span><span><span><span><\/span><\/span><a href=\"https:\/\/elite.se\/sv\/hotell\/malmo\/plaza-hotel\/?utm_source=google&amp;utm_medium=organic&amp;utm_campaign=google-local&amp;utm_content=malmo_plaza\" target=\"_blank\" rel=\"noopener\"><span><span><\/span><\/span><\/a><\/span><\/span><\/p>\n<p><a href=\"https:\/\/bookings.elite.se\/ibe\/details.aspx?propertyid=16755&amp;nights=1&amp;checkin=19\/6\/2023&amp;group=1062482&amp;lang=en-gb\" target=\"_blank\" rel=\"noopener\">Elite Hotel Esplanade Malm\u00f6<\/a><\/p>\n<p><span>M\u00e4ster Johansgatan 15, 211 21 &nbsp;Malm\u00f6<\/span><\/p>\n<p><span>info.esplanademalmo@elite.se<\/span><\/p>\n<p><span><span>Tel: +46 40 24 85 00<\/span><\/span><\/p>\n<p><span><span><\/span><\/span><\/p>\n<p><a href=\"https:\/\/www.nordicchoicehotels.se\/hotell\/sverige\/malmo\/quality-hotel-the-mill\/?gclid=CjwKCAiAp5nyBRABEiwApTwjXj08PEgKhXv0945FKO58JJyAEmGnZzrn7nQ96kQob4KDHQQlA0E2NBoCyvAQAvD_BwE&amp;gclsrc=aw.ds\" target=\"_blank\" rel=\"noopener\">Quality Hotel The Mill<\/a><\/p>\n<p><span>Amiralsgatan 19, 211 55 Malm\u00f6<\/span><\/p>\n<p><span><span>g.themill@choice.se<\/span><\/span><\/p>\n<p><span><span>Tel: +46 406 646 000<\/span><\/span><\/p>\n<\/p>\n<h3>TRAVEL<\/h3>\n<\/p>\n<p>The walk to WMU and Malm\u00f6 Live from the train station is less than five minutes. Exit the main entrance of the train station to reach the area where the buses load. Turn to your right and head towards the yellow building that says Malm\u00f6 B\u00f6rshus. Cross the street and head left. Turn to your right before you cross the canal. As you walk forward along the canal, the tower of the WMU building will come into view. &nbsp;Take the foot bridge across the water and continue along the canal until you reach the WMU main entrance. Malm\u00f6 Live is located just across the street from WMU. Look for the tall white tower.<\/p>\n<\/p>\n<p><strong><span><span>Copenhagen (Kastrup) Airport<\/span><\/span><span> <\/span><\/strong>Kastrup Airport in Copenhagen, Denmark is the closest international airport to Malm\u00f6, and just a short train ride away from WMU and the conference venue at Malm\u00f6 Live. Train tickets can be purchased in the arrival hall after you have collected your baggage and cleared immigration. You must purchase your ticket before boarding the train. Trains to Malm\u00f6 depart approximately every 20 minutes. The closest stop to WMU is Malm\u00f6 C. Once you board the train, it should take less than 30 minutes to reach Malm\u00f6 C.<\/p>\n<p>&nbsp;<\/p>\n<p><strong><span>Sturup Airport<\/span><\/strong>Sturup airport is located in Sweden about 30 km outside Malm\u00f6. You can take a taxi to your destination of choice, or ride the bus to the Central Station in Malm\u00f6. The journey is approximately 45 minutes. From the train station you could take a taxi to your accommodations, although many hotels, and WMU are within reasonable walking distance.<\/p>\n<\/p>\n<p><strong><span>Malm\u00f6 Public transport system<\/span><\/strong>Central Station is the hub for Malm\u00f6&#8217;s excellent public transportation system.&nbsp;Please note that all tickets for train and bus travel must be purchased before boarding as cash is not accepted on buses or trains. Staff at the Central Station transport office, Sk\u00e5netrafiken, can advise you on the best option for travel and purchasing tickets based on your destination. Information in English about local bus and train travel can be found&nbsp;<span><a href=\"http:\/\/www.skanetrafiken.se\/templates\/StartPage.aspx?id=34318&amp;epslanguage=EN\" target=\"_blank\" rel=\"noopener\">here<\/a><\/span>&nbsp;at the Sk\u00e5netrafiken website.&nbsp;<\/p>\n<p>&nbsp;<\/p>\n<p><strong><span>Taxis<\/span><\/strong>Central Station is the closest train stop, and main bus stop, to WMU. There is a taxi stand outside Central Station if needed although WMU and many hotels are within reasonable walking distance.&nbsp;<\/p>\n<p>&nbsp;<\/p>\n<p><strong><span>Climate Neutral Travel<\/span><\/strong>You can offset your travel and take responsibility for your travel footprint by using UN-certified emissions reductions though the UNFCC&nbsp;<a href=\"http:\/\/climateneutralnow.org\/SitePages\/Home.aspx?utm_source=Climate+Neutral+Now+email+to+COP+participants&amp;utm_campaign=Offset+COP+Travel+Email&amp;utm_medium=email\" target=\"_blank\" rel=\"noopener\"><span>Climate Neutral Now initiative<\/span>.<\/a>&nbsp;Emission reductions are created by projects that either remove emissions from the atmosphere, for example, by absorbing carbon dioxide in trees, or avoid creation of new emissions, for example, by replacing fossil fuels with renewable energy. To learn more,&nbsp;<span><a href=\"https:\/\/unfccc.int\/climate-neutral-now?gclid=CjwKCAjw_MqgBhAGEiwAnYOAekbzjmejzasITBbJWba6jBYKaGY5hZ_uO9MhdBHFkwNqIDtbb-iy4xoCrtsQAvD_BwE\" target=\"_blank\" rel=\"noopener\">click here.<\/a><\/span><\/p>\n<\/p>\n<p><span><\/span><\/p>\n","protected":false},"excerpt":{"rendered":"<p>hotel options The new World Maritime University building is centrally located and there are several hotels within walking distance of the University. Note that June is a very popular month for events in Malm\u00f6, and hotel space will be limited so it is wise to make bookings for your accommodation of choice as soon as [&hellip;]<\/p>\n","protected":false},"author":2,"featured_media":0,"parent":28,"menu_order":0,"comment_status":"closed","ping_status":"closed","template":"","meta":{"footnotes":""},"class_list":["post-410","page","type-page","status-publish","hentry"],"yoast_head":"<!-- This site is optimized with the Yoast SEO plugin v27.0 - https:\/\/yoast.com\/product\/yoast-seo-wordpress\/ -->\n<title>Travel - WMU Maritime Week<\/title>\n<meta name=\"robots\" content=\"index, follow, max-snippet:-1, max-image-preview:large, max-video-preview:-1\" \/>\n<link rel=\"canonical\" href=\"https:\/\/conferences.wmu.se\/wmumaritimeweek\/info\/travel\/\" \/>\n<meta property=\"og:locale\" content=\"en_US\" \/>\n<meta property=\"og:type\" content=\"article\" \/>\n<meta property=\"og:title\" content=\"Travel - WMU Maritime Week\" \/>\n<meta property=\"og:description\" content=\"hotel options The new World Maritime University building is centrally located and there are several hotels within walking distance of the University. Note that June is a very popular month for events in Malm\u00f6, and hotel space will be limited so it is wise to make bookings for your accommodation of choice as soon as [&hellip;]\" \/>\n<meta property=\"og:url\" content=\"https:\/\/conferences.wmu.se\/wmumaritimeweek\/info\/travel\/\" \/>\n<meta property=\"og:site_name\" content=\"WMU Maritime Week\" \/>\n<meta property=\"article:modified_time\" content=\"2024-05-31T11:42:55+00:00\" \/>\n<meta name=\"twitter:card\" content=\"summary_large_image\" \/>\n<meta name=\"twitter:label1\" content=\"Est. reading time\" \/>\n\t<meta name=\"twitter:data1\" content=\"4 minutes\" \/>\n<script type=\"application\/ld+json\" class=\"yoast-schema-graph\">{\"@context\":\"https:\/\/schema.org\",\"@graph\":[{\"@type\":\"WebPage\",\"@id\":\"https:\/\/conferences.wmu.se\/wmumaritimeweek\/info\/travel\/\",\"url\":\"https:\/\/conferences.wmu.se\/wmumaritimeweek\/info\/travel\/\",\"name\":\"Travel - WMU Maritime Week\",\"isPartOf\":{\"@id\":\"https:\/\/conferences.wmu.se\/wmumaritimeweek\/#website\"},\"datePublished\":\"2019-02-14T15:28:13+00:00\",\"dateModified\":\"2024-05-31T11:42:55+00:00\",\"breadcrumb\":{\"@id\":\"https:\/\/conferences.wmu.se\/wmumaritimeweek\/info\/travel\/#breadcrumb\"},\"inLanguage\":\"en-US\",\"potentialAction\":[{\"@type\":\"ReadAction\",\"target\":[\"https:\/\/conferences.wmu.se\/wmumaritimeweek\/info\/travel\/\"]}]},{\"@type\":\"BreadcrumbList\",\"@id\":\"https:\/\/conferences.wmu.se\/wmumaritimeweek\/info\/travel\/#breadcrumb\",\"itemListElement\":[{\"@type\":\"ListItem\",\"position\":1,\"name\":\"Home\",\"item\":\"https:\/\/conferences.wmu.se\/wmumaritimeweek\/\"},{\"@type\":\"ListItem\",\"position\":2,\"name\":\"Info\",\"item\":\"https:\/\/conferences.wmu.se\/wmumaritimeweek\/?page_id=28\"},{\"@type\":\"ListItem\",\"position\":3,\"name\":\"Travel\"}]},{\"@type\":\"WebSite\",\"@id\":\"https:\/\/conferences.wmu.se\/wmumaritimeweek\/#website\",\"url\":\"https:\/\/conferences.wmu.se\/wmumaritimeweek\/\",\"name\":\"WMU Maritime Week\",\"description\":\"WMU Maritime Week 2024 - Beyond Horizons: Maritime Sustainability - invites researchers, government officials, and international organization experts from around the world with expertise in the maritime field to discuss technical, policy, and international convention aspects of significant maritime topics.\",\"potentialAction\":[{\"@type\":\"SearchAction\",\"target\":{\"@type\":\"EntryPoint\",\"urlTemplate\":\"https:\/\/conferences.wmu.se\/wmumaritimeweek\/?s={search_term_string}\"},\"query-input\":{\"@type\":\"PropertyValueSpecification\",\"valueRequired\":true,\"valueName\":\"search_term_string\"}}],\"inLanguage\":\"en-US\"}]}<\/script>\n<!-- \/ Yoast SEO plugin. -->","yoast_head_json":{"title":"Travel - WMU Maritime Week","robots":{"index":"index","follow":"follow","max-snippet":"max-snippet:-1","max-image-preview":"max-image-preview:large","max-video-preview":"max-video-preview:-1"},"canonical":"https:\/\/conferences.wmu.se\/wmumaritimeweek\/info\/travel\/","og_locale":"en_US","og_type":"article","og_title":"Travel - WMU Maritime Week","og_description":"hotel options The new World Maritime University building is centrally located and there are several hotels within walking distance of the University. Note that June is a very popular month for events in Malm\u00f6, and hotel space will be limited so it is wise to make bookings for your accommodation of choice as soon as [&hellip;]","og_url":"https:\/\/conferences.wmu.se\/wmumaritimeweek\/info\/travel\/","og_site_name":"WMU Maritime Week","article_modified_time":"2024-05-31T11:42:55+00:00","twitter_card":"summary_large_image","twitter_misc":{"Est. reading time":"4 minutes"},"schema":{"@context":"https:\/\/schema.org","@graph":[{"@type":"WebPage","@id":"https:\/\/conferences.wmu.se\/wmumaritimeweek\/info\/travel\/","url":"https:\/\/conferences.wmu.se\/wmumaritimeweek\/info\/travel\/","name":"Travel - WMU Maritime Week","isPartOf":{"@id":"https:\/\/conferences.wmu.se\/wmumaritimeweek\/#website"},"datePublished":"2019-02-14T15:28:13+00:00","dateModified":"2024-05-31T11:42:55+00:00","breadcrumb":{"@id":"https:\/\/conferences.wmu.se\/wmumaritimeweek\/info\/travel\/#breadcrumb"},"inLanguage":"en-US","potentialAction":[{"@type":"ReadAction","target":["https:\/\/conferences.wmu.se\/wmumaritimeweek\/info\/travel\/"]}]},{"@type":"BreadcrumbList","@id":"https:\/\/conferences.wmu.se\/wmumaritimeweek\/info\/travel\/#breadcrumb","itemListElement":[{"@type":"ListItem","position":1,"name":"Home","item":"https:\/\/conferences.wmu.se\/wmumaritimeweek\/"},{"@type":"ListItem","position":2,"name":"Info","item":"https:\/\/conferences.wmu.se\/wmumaritimeweek\/?page_id=28"},{"@type":"ListItem","position":3,"name":"Travel"}]},{"@type":"WebSite","@id":"https:\/\/conferences.wmu.se\/wmumaritimeweek\/#website","url":"https:\/\/conferences.wmu.se\/wmumaritimeweek\/","name":"WMU Maritime Week","description":"WMU Maritime Week 2024 - Beyond Horizons: Maritime Sustainability - invites researchers, government officials, and international organization experts from around the world with expertise in the maritime field to discuss technical, policy, and international convention aspects of significant maritime topics.","potentialAction":[{"@type":"SearchAction","target":{"@type":"EntryPoint","urlTemplate":"https:\/\/conferences.wmu.se\/wmumaritimeweek\/?s={search_term_string}"},"query-input":{"@type":"PropertyValueSpecification","valueRequired":true,"valueName":"search_term_string"}}],"inLanguage":"en-US"}]}},"_links":{"self":[{"href":"https:\/\/conferences.wmu.se\/wmumaritimeweek\/wp-json\/wp\/v2\/pages\/410","targetHints":{"allow":["GET"]}}],"collection":[{"href":"https:\/\/conferences.wmu.se\/wmumaritimeweek\/wp-json\/wp\/v2\/pages"}],"about":[{"href":"https:\/\/conferences.wmu.se\/wmumaritimeweek\/wp-json\/wp\/v2\/types\/page"}],"author":[{"embeddable":true,"href":"https:\/\/conferences.wmu.se\/wmumaritimeweek\/wp-json\/wp\/v2\/users\/2"}],"replies":[{"embeddable":true,"href":"https:\/\/conferences.wmu.se\/wmumaritimeweek\/wp-json\/wp\/v2\/comments?post=410"}],"version-history":[{"count":88,"href":"https:\/\/conferences.wmu.se\/wmumaritimeweek\/wp-json\/wp\/v2\/pages\/410\/revisions"}],"predecessor-version":[{"id":2145,"href":"https:\/\/conferences.wmu.se\/wmumaritimeweek\/wp-json\/wp\/v2\/pages\/410\/revisions\/2145"}],"up":[{"embeddable":true,"href":"https:\/\/conferences.wmu.se\/wmumaritimeweek\/wp-json\/wp\/v2\/pages\/28"}],"wp:attachment":[{"href":"https:\/\/conferences.wmu.se\/wmumaritimeweek\/wp-json\/wp\/v2\/media?parent=410"}],"curies":[{"name":"wp","href":"https:\/\/api.w.org\/{rel}","templated":true}]}}