{"id":50,"date":"2018-09-27T08:01:53","date_gmt":"2018-09-27T08:01:53","guid":{"rendered":"http:\/\/conferences.wmu.se\/genderequality25\/?page_id=50"},"modified":"2024-11-27T12:39:51","modified_gmt":"2024-11-27T11:39:51","slug":"travel","status":"publish","type":"page","link":"https:\/\/conferences.wmu.se\/wmugenderequality\/info\/travel\/","title":{"rendered":"Travel"},"content":{"rendered":"<h3>Travel<\/h3>\n<p><strong>Accommodation<\/strong><\/p>\n<p>The World Maritime University is centrally located and there are several hotels within walking distance of the University.&nbsp;<\/p>\n<\/p>\n<p><span><strong>Copenhagen (Kastrup) Airport&nbsp;<\/strong><\/span><span>Kastrup Airport in Copenhagen, Denmark is the closest international airport to Malm\u00f6, and just a short train ride away from WMU. Train tickets can be purchased in the arrival hall after you have collected your baggage and cleared immigration. You must purchase your ticket before boarding the train. Trains to Malm\u00f6 depart approximately every 20 minutes. The closest stop to WMU is Malm\u00f6 C. Once you board the train, it should take less than 30 minutes to reach Malm\u00f6 C.<\/span><\/p>\n<p>&nbsp;<\/p>\n<p><strong><span>Sturup Airport<\/span><\/strong><span>Sturup airport is located in Sweden about 30 km outside Malm\u00f6. You can take a taxi to your destination of choice, or ride the bus to the Central Station in Malm\u00f6. The journey is approximately 45 minutes. From the train station you could take a taxi to your accommodations, although most hotels, and WMU are within reasonable walking distance.<\/span><\/p>\n<p><span><span>&nbsp;<\/span><\/span><\/p>\n<p><span>The walk to WMU from the train station is less than five minutes. Exit the main entrance of the train station to reach the area where the buses load. Turn to your right and head towards the yellow building that says Malm\u00f6 B\u00f6rshus. Cross the street and head left. Turn to your right before you cross the canal. As you walk forward along the canal, the tower of the WMU building will come into view. &nbsp;Take the foot bridge across the water and continue along the canal until you reach the WMU main entrance.<\/span><\/p>\n<p>&nbsp;<\/p>\n<p><strong><span>Malm\u00f6 Public transport system<\/span><\/strong><span>Central Station is the hub for Malm\u00f6&#8217;s excellent public transportation system. Please note that all tickets for train and bus travel must be purchased before boarding as cash is not accepted on buses or trains. Staff at the Central Station transport office, Sk\u00e5netrafiken, can advise you on the best option for travel and purchasing tickets based on your destination. Information in English about local bus and train travel can be found <a href=\"http:\/\/www.skanetrafiken.se\/templates\/StartPage.aspx?id=34318&amp;epslanguage=EN\" target=\"_blank\" rel=\"noopener\">here<\/a> at the Sk\u00e5netrafiken website. <\/span><\/p>\n<p>&nbsp;<\/p>\n<p><strong><span>Taxis<\/span><\/strong><span>Central Station is the closest train stop, and main bus stop, to WMU. There is a taxi stand outside Central Station if needed although WMU and most hotels are within reasonable walking distance. Taxis can be reached at (+46) 40 70 000 or (+46) 40 23 23 23 or (+46) 40 97 97 97. WMU has a corporate arrangement with the company Taxikuriren. For details please contact the WMU reception desk, <a href=\"mailto:frontdesk@wmu.se\">frontdesk@wmu.se<\/a> or +46 40 35 63 00. <\/span><\/p><\/p>\n","protected":false},"excerpt":{"rendered":"<p>Travel Accommodation The World Maritime University is centrally located and there are several hotels within walking distance of the University.&nbsp; Copenhagen (Kastrup) Airport&nbsp;Kastrup Airport in Copenhagen, Denmark is the closest international airport to Malm\u00f6, and just a short train ride away from WMU. Train tickets can be purchased in the arrival hall after you have [&hellip;]<\/p>\n","protected":false},"author":1,"featured_media":0,"parent":28,"menu_order":0,"comment_status":"closed","ping_status":"closed","template":"landing-page.php","meta":{"footnotes":""},"class_list":["post-50","page","type-page","status-publish","hentry"],"yoast_head":"<!-- This site is optimized with the Yoast SEO plugin v27.0 - https:\/\/yoast.com\/product\/yoast-seo-wordpress\/ -->\n<title>Travel - Advancing the Blue Economy Through Gender Equality<\/title>\n<meta name=\"robots\" content=\"index, follow, max-snippet:-1, max-image-preview:large, max-video-preview:-1\" \/>\n<link rel=\"canonical\" href=\"https:\/\/conferences.wmu.se\/wmugenderequality\/info\/travel\/\" \/>\n<meta property=\"og:locale\" content=\"en_US\" \/>\n<meta property=\"og:type\" content=\"article\" \/>\n<meta property=\"og:title\" content=\"Travel - Advancing the Blue Economy Through Gender Equality\" \/>\n<meta property=\"og:description\" content=\"Travel Accommodation The World Maritime University is centrally located and there are several hotels within walking distance of the University.&nbsp; Copenhagen (Kastrup) Airport&nbsp;Kastrup Airport in Copenhagen, Denmark is the closest international airport to Malm\u00f6, and just a short train ride away from WMU. Train tickets can be purchased in the arrival hall after you have [&hellip;]\" \/>\n<meta property=\"og:url\" content=\"https:\/\/conferences.wmu.se\/wmugenderequality\/info\/travel\/\" \/>\n<meta property=\"og:site_name\" content=\"Advancing the Blue Economy Through Gender Equality\" \/>\n<meta property=\"article:publisher\" content=\"https:\/\/www.facebook.com\/WMUHQ\/\" \/>\n<meta property=\"article:modified_time\" content=\"2024-11-27T11:39:51+00:00\" \/>\n<meta name=\"twitter:card\" content=\"summary_large_image\" \/>\n<meta name=\"twitter:site\" content=\"@wmuhq\" \/>\n<meta name=\"twitter:label1\" content=\"Est. reading time\" \/>\n\t<meta name=\"twitter:data1\" content=\"2 minutes\" \/>\n<script type=\"application\/ld+json\" class=\"yoast-schema-graph\">{\"@context\":\"https:\/\/schema.org\",\"@graph\":[{\"@type\":\"WebPage\",\"@id\":\"https:\/\/conferences.wmu.se\/wmugenderequality\/info\/travel\/\",\"url\":\"https:\/\/conferences.wmu.se\/wmugenderequality\/info\/travel\/\",\"name\":\"Travel - Advancing the Blue Economy Through Gender Equality\",\"isPartOf\":{\"@id\":\"https:\/\/conferences.wmu.se\/wmugenderequality\/#website\"},\"datePublished\":\"2018-09-27T08:01:53+00:00\",\"dateModified\":\"2024-11-27T11:39:51+00:00\",\"breadcrumb\":{\"@id\":\"https:\/\/conferences.wmu.se\/wmugenderequality\/info\/travel\/#breadcrumb\"},\"inLanguage\":\"en-US\",\"potentialAction\":[{\"@type\":\"ReadAction\",\"target\":[\"https:\/\/conferences.wmu.se\/wmugenderequality\/info\/travel\/\"]}]},{\"@type\":\"BreadcrumbList\",\"@id\":\"https:\/\/conferences.wmu.se\/wmugenderequality\/info\/travel\/#breadcrumb\",\"itemListElement\":[{\"@type\":\"ListItem\",\"position\":1,\"name\":\"Home\",\"item\":\"https:\/\/conferences.wmu.se\/wmugenderequality\/\"},{\"@type\":\"ListItem\",\"position\":2,\"name\":\"Info\",\"item\":\"https:\/\/conferences.wmu.se\/wmugenderequality\/info\/\"},{\"@type\":\"ListItem\",\"position\":3,\"name\":\"Travel\"}]},{\"@type\":\"WebSite\",\"@id\":\"https:\/\/conferences.wmu.se\/wmugenderequality\/#website\",\"url\":\"https:\/\/conferences.wmu.se\/wmugenderequality\/\",\"name\":\"Advancing the Blue Economy Through Gender Equality\",\"description\":\"2025 International Conference\",\"potentialAction\":[{\"@type\":\"SearchAction\",\"target\":{\"@type\":\"EntryPoint\",\"urlTemplate\":\"https:\/\/conferences.wmu.se\/wmugenderequality\/?s={search_term_string}\"},\"query-input\":{\"@type\":\"PropertyValueSpecification\",\"valueRequired\":true,\"valueName\":\"search_term_string\"}}],\"inLanguage\":\"en-US\"}]}<\/script>\n<!-- \/ Yoast SEO plugin. -->","yoast_head_json":{"title":"Travel - Advancing the Blue Economy Through Gender Equality","robots":{"index":"index","follow":"follow","max-snippet":"max-snippet:-1","max-image-preview":"max-image-preview:large","max-video-preview":"max-video-preview:-1"},"canonical":"https:\/\/conferences.wmu.se\/wmugenderequality\/info\/travel\/","og_locale":"en_US","og_type":"article","og_title":"Travel - Advancing the Blue Economy Through Gender Equality","og_description":"Travel Accommodation The World Maritime University is centrally located and there are several hotels within walking distance of the University.&nbsp; Copenhagen (Kastrup) Airport&nbsp;Kastrup Airport in Copenhagen, Denmark is the closest international airport to Malm\u00f6, and just a short train ride away from WMU. Train tickets can be purchased in the arrival hall after you have [&hellip;]","og_url":"https:\/\/conferences.wmu.se\/wmugenderequality\/info\/travel\/","og_site_name":"Advancing the Blue Economy Through Gender Equality","article_publisher":"https:\/\/www.facebook.com\/WMUHQ\/","article_modified_time":"2024-11-27T11:39:51+00:00","twitter_card":"summary_large_image","twitter_site":"@wmuhq","twitter_misc":{"Est. reading time":"2 minutes"},"schema":{"@context":"https:\/\/schema.org","@graph":[{"@type":"WebPage","@id":"https:\/\/conferences.wmu.se\/wmugenderequality\/info\/travel\/","url":"https:\/\/conferences.wmu.se\/wmugenderequality\/info\/travel\/","name":"Travel - Advancing the Blue Economy Through Gender Equality","isPartOf":{"@id":"https:\/\/conferences.wmu.se\/wmugenderequality\/#website"},"datePublished":"2018-09-27T08:01:53+00:00","dateModified":"2024-11-27T11:39:51+00:00","breadcrumb":{"@id":"https:\/\/conferences.wmu.se\/wmugenderequality\/info\/travel\/#breadcrumb"},"inLanguage":"en-US","potentialAction":[{"@type":"ReadAction","target":["https:\/\/conferences.wmu.se\/wmugenderequality\/info\/travel\/"]}]},{"@type":"BreadcrumbList","@id":"https:\/\/conferences.wmu.se\/wmugenderequality\/info\/travel\/#breadcrumb","itemListElement":[{"@type":"ListItem","position":1,"name":"Home","item":"https:\/\/conferences.wmu.se\/wmugenderequality\/"},{"@type":"ListItem","position":2,"name":"Info","item":"https:\/\/conferences.wmu.se\/wmugenderequality\/info\/"},{"@type":"ListItem","position":3,"name":"Travel"}]},{"@type":"WebSite","@id":"https:\/\/conferences.wmu.se\/wmugenderequality\/#website","url":"https:\/\/conferences.wmu.se\/wmugenderequality\/","name":"Advancing the Blue Economy Through Gender Equality","description":"2025 International Conference","potentialAction":[{"@type":"SearchAction","target":{"@type":"EntryPoint","urlTemplate":"https:\/\/conferences.wmu.se\/wmugenderequality\/?s={search_term_string}"},"query-input":{"@type":"PropertyValueSpecification","valueRequired":true,"valueName":"search_term_string"}}],"inLanguage":"en-US"}]}},"_links":{"self":[{"href":"https:\/\/conferences.wmu.se\/wmugenderequality\/wp-json\/wp\/v2\/pages\/50","targetHints":{"allow":["GET"]}}],"collection":[{"href":"https:\/\/conferences.wmu.se\/wmugenderequality\/wp-json\/wp\/v2\/pages"}],"about":[{"href":"https:\/\/conferences.wmu.se\/wmugenderequality\/wp-json\/wp\/v2\/types\/page"}],"author":[{"embeddable":true,"href":"https:\/\/conferences.wmu.se\/wmugenderequality\/wp-json\/wp\/v2\/users\/1"}],"replies":[{"embeddable":true,"href":"https:\/\/conferences.wmu.se\/wmugenderequality\/wp-json\/wp\/v2\/comments?post=50"}],"version-history":[{"count":21,"href":"https:\/\/conferences.wmu.se\/wmugenderequality\/wp-json\/wp\/v2\/pages\/50\/revisions"}],"predecessor-version":[{"id":1294,"href":"https:\/\/conferences.wmu.se\/wmugenderequality\/wp-json\/wp\/v2\/pages\/50\/revisions\/1294"}],"up":[{"embeddable":true,"href":"https:\/\/conferences.wmu.se\/wmugenderequality\/wp-json\/wp\/v2\/pages\/28"}],"wp:attachment":[{"href":"https:\/\/conferences.wmu.se\/wmugenderequality\/wp-json\/wp\/v2\/media?parent=50"}],"curies":[{"name":"wp","href":"https:\/\/api.w.org\/{rel}","templated":true}]}}