{"id":50,"date":"2018-09-27T08:01:53","date_gmt":"2018-09-27T08:01:53","guid":{"rendered":"http:\/\/conferences.wmu.se\/bbnjseminar2019\/?page_id=50"},"modified":"2019-01-21T15:38:54","modified_gmt":"2019-01-21T15:38:54","slug":"travel","status":"publish","type":"page","link":"https:\/\/conferences.wmu.se\/bbnjseminar2019\/info\/travel\/","title":{"rendered":"Travel"},"content":{"rendered":"<h3 data-css=\"tve-u-1661162dd86\">Travel<\/h3>\n<p><span class=\"tve_image_frame\" style=\"width: 100%;\"><img loading=\"lazy\" decoding=\"async\" class=\"tve_image wp-image-69\" alt=\"\" width=\"720\" height=\"363\" title=\"travel_map\" data-id=\"69\" src=\"\/\/35.187.121.125\/maritimewomen2019\/wp-content\/uploads\/sites\/6\/2018\/09\/travel_map.png\" style=\"width: 100%;\"><\/span><\/p>\n<p data-css=\"tve-u-1675f05a673\"><strong>Venue and Location<\/strong><\/p>\n<p data-css=\"tve-u-168608bf9cc\">The venue is located at the <a href=\"http:\/\/highcourt.se\/\" target=\"_blank\">High Court<\/a>, in the heart of Malm\u00f6. The Central Station is only a 5-minute walk away from the venue. Directions can be found <a href=\"https:\/\/goo.gl\/maps\/aDsWvf9PbqS2\" target=\"_blank\">here<\/a>.<\/p>\n<p data-css=\"tve-u-168608bf9cc\">\n<p data-css=\"tve-u-1661ade6f79\"><span data-css=\"tve-u-1661ade8da4\"><strong>Copenhagen (Kastrup) Airport&nbsp;<\/strong><\/span>Kastrup Airport in Copenhagen, Denmark is the closest international airport to Malm\u00f6, and just a short train ride away from WMU. Train tickets can be purchased in the arrival hall after you have collected your baggage and cleared immigration. You must purchase your ticket before boarding the train. Trains to Malm\u00f6 depart approximately every 20 minutes. The closest stop to WMU is Malm\u00f6 C. Once you board the train, it should take less than 30 minutes to reach Malm\u00f6 C.<\/p>\n<p data-css=\"tve-u-1661ade6f7c\">&nbsp;<\/p>\n<p data-css=\"tve-u-1661ade6f7d\"><strong><span data-css=\"tve-u-1661adea127\">Sturup Airport<\/span><\/strong>Sturup airport is located in Sweden about 30 km outside Malm\u00f6. You can take a taxi to your destination of choice, or ride the bus to the Central Station in Malm\u00f6. The journey is approximately 45 minutes. From the train station you could take a taxi to your accommodations, although most hotels, and WMU are within reasonable walking distance.<\/p>\n<p data-css=\"tve-u-1661ade6f7e\">&nbsp;<\/p>\n<p data-css=\"tve-u-1661ade6f7f\">The walk to WMU from the train station is less than five minutes. Exit the main entrance of the train station to reach the area where the buses load. Turn to your right and head towards the yellow building that says Malm\u00f6 B\u00f6rshus. Cross the street and head left. Turn to your right before you cross the canal. As you walk forward along the canal, the tower of the WMU building will come into view. &nbsp;Take the foot bridge across the water and continue along the canal until you reach the WMU main entrance.<\/p>\n<p data-css=\"tve-u-1661ade6f80\">&nbsp;<\/p>\n<p data-css=\"tve-u-1661ade6f81\"><strong><span data-css=\"tve-u-1661aded930\">Malm\u00f6 Public transport system<\/span><\/strong>Central Station is the hub for Malm\u00f6&#8217;s excellent public transportation system.&nbsp;Please note that all tickets for train and bus travel must be purchased before boarding as cash is not accepted on buses or trains. Staff at the Central Station transport office, Sk\u00e5netrafiken, can advise you on the best option for travel and purchasing tickets based on your destination. Information in English about local bus and train travel can be found&nbsp;<span data-css=\"tve-u-1661ae6c59e\"><a href=\"http:\/\/www.skanetrafiken.se\/templates\/StartPage.aspx?id=34318&amp;epslanguage=EN\" target=\"_blank\">here<\/a><\/span>&nbsp;at the Sk\u00e5netrafiken website.&nbsp;<\/p>\n<p data-css=\"tve-u-1661ade6f82\">&nbsp;<\/p>\n<p data-css=\"tve-u-1661ade6f83\"><strong><span data-css=\"tve-u-1661adeed00\">Taxis<\/span><\/strong>Central Station is the closest train stop, and main bus stop, to WMU. There is a taxi stand outside Central Station if needed&nbsp;although WMU and most hotels are within reasonable walking distance.&nbsp;Taxis can be reached at (+46) 40 70 000 or (+46) 40 23 23 23 or (+46) 40 97 97 97. WMU has a corporate arrangement with&nbsp;the company Taxikuriren. For details please contact the WMU reception desk,&nbsp;<span data-css=\"tve-u-1661ae6dcd2\"><a href=\"mailto:frontdesk@wmu.se\">frontdesk@wmu.se<\/a><\/span>&nbsp;or +46 40 35 63 00.&nbsp;<\/p>\n<p data-css=\"tve-u-1661ade6f84\">&nbsp;<\/p>\n<p data-css=\"tve-u-1661ade6f85\"><strong><span data-css=\"tve-u-1661adefe97\">Climate Neutral Travel<\/span><\/strong>You can offset your travel and take responsibility for your travel footprint by using UN-certified emissions reductions though the UNFCC <a href=\"http:\/\/climateneutralnow.org\/SitePages\/Home.aspx?utm_source=Climate+Neutral+Now+email+to+COP+participants&amp;utm_campaign=Offset+COP+Travel+Email&amp;utm_medium=email\" target=\"_blank\"><span data-css=\"tve-u-1661ae6fa64\">Climate Neural Now initiative<\/span>.<\/a>&nbsp;Emission reductions are created by projects that either remove emissions from the atmosphere, for example, by absorbing carbon dioxide in trees, or avoid creation of new emissions, for example, by replacing fossil fuels with renewable energy. To learn more,&nbsp;<span data-css=\"tve-u-1661ae70dd5\"><a href=\"http:\/\/climateneutralnow.org\/SitePages\/Home.aspx?utm_source=Climate+Neutral+Now+email+to+COP+participants&amp;utm_campaign=Offset+COP+Travel+Email&amp;utm_medium=email\" target=\"_blank\">click here.<\/a><\/span><\/p>\n","protected":false},"excerpt":{"rendered":"<p>Travel Venue and Location The venue is located at the High Court, in the heart of Malm\u00f6. The Central Station is only a 5-minute walk away from the venue. Directions can be found here. Copenhagen (Kastrup) Airport&nbsp;Kastrup Airport in Copenhagen, Denmark is the closest international airport to Malm\u00f6, and just a short train ride away [&hellip;]<\/p>\n","protected":false},"author":1,"featured_media":0,"parent":28,"menu_order":0,"comment_status":"closed","ping_status":"closed","template":"landing-page.php","meta":{"footnotes":""},"class_list":["post-50","page","type-page","status-publish","hentry"],"yoast_head":"<!-- This site is optimized with the Yoast SEO plugin v27.0 - https:\/\/yoast.com\/product\/yoast-seo-wordpress\/ -->\n<title>Travel - BBNJ Seminar 2019<\/title>\n<meta name=\"robots\" content=\"index, follow, max-snippet:-1, max-image-preview:large, max-video-preview:-1\" \/>\n<link rel=\"canonical\" href=\"https:\/\/conferences.wmu.se\/bbnjseminar2019\/info\/travel\/\" \/>\n<meta property=\"og:locale\" content=\"en_US\" \/>\n<meta property=\"og:type\" content=\"article\" \/>\n<meta property=\"og:title\" content=\"Travel - BBNJ Seminar 2019\" \/>\n<meta property=\"og:description\" content=\"Travel Venue and Location The venue is located at the High Court, in the heart of Malm\u00f6. The Central Station is only a 5-minute walk away from the venue. Directions can be found here. Copenhagen (Kastrup) Airport&nbsp;Kastrup Airport in Copenhagen, Denmark is the closest international airport to Malm\u00f6, and just a short train ride away [&hellip;]\" \/>\n<meta property=\"og:url\" content=\"https:\/\/conferences.wmu.se\/bbnjseminar2019\/info\/travel\/\" \/>\n<meta property=\"og:site_name\" content=\"BBNJ Seminar 2019\" \/>\n<meta property=\"article:modified_time\" content=\"2019-01-21T15:38:54+00:00\" \/>\n<meta name=\"twitter:card\" content=\"summary_large_image\" \/>\n<meta name=\"twitter:label1\" content=\"Est. reading time\" \/>\n\t<meta name=\"twitter:data1\" content=\"2 minutes\" \/>\n<script type=\"application\/ld+json\" class=\"yoast-schema-graph\">{\"@context\":\"https:\/\/schema.org\",\"@graph\":[{\"@type\":\"WebPage\",\"@id\":\"https:\/\/conferences.wmu.se\/bbnjseminar2019\/info\/travel\/\",\"url\":\"https:\/\/conferences.wmu.se\/bbnjseminar2019\/info\/travel\/\",\"name\":\"Travel - BBNJ Seminar 2019\",\"isPartOf\":{\"@id\":\"https:\/\/conferences.wmu.se\/bbnjseminar2019\/#website\"},\"datePublished\":\"2018-09-27T08:01:53+00:00\",\"dateModified\":\"2019-01-21T15:38:54+00:00\",\"breadcrumb\":{\"@id\":\"https:\/\/conferences.wmu.se\/bbnjseminar2019\/info\/travel\/#breadcrumb\"},\"inLanguage\":\"en-US\",\"potentialAction\":[{\"@type\":\"ReadAction\",\"target\":[\"https:\/\/conferences.wmu.se\/bbnjseminar2019\/info\/travel\/\"]}]},{\"@type\":\"BreadcrumbList\",\"@id\":\"https:\/\/conferences.wmu.se\/bbnjseminar2019\/info\/travel\/#breadcrumb\",\"itemListElement\":[{\"@type\":\"ListItem\",\"position\":1,\"name\":\"Home\",\"item\":\"https:\/\/conferences.wmu.se\/bbnjseminar2019\/\"},{\"@type\":\"ListItem\",\"position\":2,\"name\":\"Info\",\"item\":\"https:\/\/conferences.wmu.se\/bbnjseminar2019\/info\/\"},{\"@type\":\"ListItem\",\"position\":3,\"name\":\"Travel\"}]},{\"@type\":\"WebSite\",\"@id\":\"https:\/\/conferences.wmu.se\/bbnjseminar2019\/#website\",\"url\":\"https:\/\/conferences.wmu.se\/bbnjseminar2019\/\",\"name\":\"BBNJ Seminar 2019\",\"description\":\"International workshop on biodiversity beyond natural jurisdiction (bbnj): \u200btoward development of balanced, effective and universal international agreement 7 feb 2019, Malm\u00f6, Sweden\",\"potentialAction\":[{\"@type\":\"SearchAction\",\"target\":{\"@type\":\"EntryPoint\",\"urlTemplate\":\"https:\/\/conferences.wmu.se\/bbnjseminar2019\/?s={search_term_string}\"},\"query-input\":{\"@type\":\"PropertyValueSpecification\",\"valueRequired\":true,\"valueName\":\"search_term_string\"}}],\"inLanguage\":\"en-US\"}]}<\/script>\n<!-- \/ Yoast SEO plugin. -->","yoast_head_json":{"title":"Travel - BBNJ Seminar 2019","robots":{"index":"index","follow":"follow","max-snippet":"max-snippet:-1","max-image-preview":"max-image-preview:large","max-video-preview":"max-video-preview:-1"},"canonical":"https:\/\/conferences.wmu.se\/bbnjseminar2019\/info\/travel\/","og_locale":"en_US","og_type":"article","og_title":"Travel - BBNJ Seminar 2019","og_description":"Travel Venue and Location The venue is located at the High Court, in the heart of Malm\u00f6. The Central Station is only a 5-minute walk away from the venue. Directions can be found here. Copenhagen (Kastrup) Airport&nbsp;Kastrup Airport in Copenhagen, Denmark is the closest international airport to Malm\u00f6, and just a short train ride away [&hellip;]","og_url":"https:\/\/conferences.wmu.se\/bbnjseminar2019\/info\/travel\/","og_site_name":"BBNJ Seminar 2019","article_modified_time":"2019-01-21T15:38:54+00:00","twitter_card":"summary_large_image","twitter_misc":{"Est. reading time":"2 minutes"},"schema":{"@context":"https:\/\/schema.org","@graph":[{"@type":"WebPage","@id":"https:\/\/conferences.wmu.se\/bbnjseminar2019\/info\/travel\/","url":"https:\/\/conferences.wmu.se\/bbnjseminar2019\/info\/travel\/","name":"Travel - BBNJ Seminar 2019","isPartOf":{"@id":"https:\/\/conferences.wmu.se\/bbnjseminar2019\/#website"},"datePublished":"2018-09-27T08:01:53+00:00","dateModified":"2019-01-21T15:38:54+00:00","breadcrumb":{"@id":"https:\/\/conferences.wmu.se\/bbnjseminar2019\/info\/travel\/#breadcrumb"},"inLanguage":"en-US","potentialAction":[{"@type":"ReadAction","target":["https:\/\/conferences.wmu.se\/bbnjseminar2019\/info\/travel\/"]}]},{"@type":"BreadcrumbList","@id":"https:\/\/conferences.wmu.se\/bbnjseminar2019\/info\/travel\/#breadcrumb","itemListElement":[{"@type":"ListItem","position":1,"name":"Home","item":"https:\/\/conferences.wmu.se\/bbnjseminar2019\/"},{"@type":"ListItem","position":2,"name":"Info","item":"https:\/\/conferences.wmu.se\/bbnjseminar2019\/info\/"},{"@type":"ListItem","position":3,"name":"Travel"}]},{"@type":"WebSite","@id":"https:\/\/conferences.wmu.se\/bbnjseminar2019\/#website","url":"https:\/\/conferences.wmu.se\/bbnjseminar2019\/","name":"BBNJ Seminar 2019","description":"International workshop on biodiversity beyond natural jurisdiction (bbnj): \u200btoward development of balanced, effective and universal international agreement 7 feb 2019, Malm\u00f6, Sweden","potentialAction":[{"@type":"SearchAction","target":{"@type":"EntryPoint","urlTemplate":"https:\/\/conferences.wmu.se\/bbnjseminar2019\/?s={search_term_string}"},"query-input":{"@type":"PropertyValueSpecification","valueRequired":true,"valueName":"search_term_string"}}],"inLanguage":"en-US"}]}},"_links":{"self":[{"href":"https:\/\/conferences.wmu.se\/bbnjseminar2019\/wp-json\/wp\/v2\/pages\/50","targetHints":{"allow":["GET"]}}],"collection":[{"href":"https:\/\/conferences.wmu.se\/bbnjseminar2019\/wp-json\/wp\/v2\/pages"}],"about":[{"href":"https:\/\/conferences.wmu.se\/bbnjseminar2019\/wp-json\/wp\/v2\/types\/page"}],"author":[{"embeddable":true,"href":"https:\/\/conferences.wmu.se\/bbnjseminar2019\/wp-json\/wp\/v2\/users\/1"}],"replies":[{"embeddable":true,"href":"https:\/\/conferences.wmu.se\/bbnjseminar2019\/wp-json\/wp\/v2\/comments?post=50"}],"version-history":[{"count":21,"href":"https:\/\/conferences.wmu.se\/bbnjseminar2019\/wp-json\/wp\/v2\/pages\/50\/revisions"}],"predecessor-version":[{"id":436,"href":"https:\/\/conferences.wmu.se\/bbnjseminar2019\/wp-json\/wp\/v2\/pages\/50\/revisions\/436"}],"up":[{"embeddable":true,"href":"https:\/\/conferences.wmu.se\/bbnjseminar2019\/wp-json\/wp\/v2\/pages\/28"}],"wp:attachment":[{"href":"https:\/\/conferences.wmu.se\/bbnjseminar2019\/wp-json\/wp\/v2\/media?parent=50"}],"curies":[{"name":"wp","href":"https:\/\/api.w.org\/{rel}","templated":true}]}}