{"id":50,"date":"2018-09-27T08:01:53","date_gmt":"2018-09-27T08:01:53","guid":{"rendered":"http:\/\/conferences.wmu.se\/colp43\/?page_id=50"},"modified":"2019-01-22T10:36:00","modified_gmt":"2019-01-22T10:36:00","slug":"travel","status":"publish","type":"page","link":"http:\/\/conferences.wmu.se\/colp43\/info\/travel\/","title":{"rendered":"Travel"},"content":{"rendered":"<h3>Travel<\/h3>\n<p><span class=\"tve_image_frame\" style=\"width: 100%\"><img loading=\"lazy\" decoding=\"async\" class=\"tve_image wp-image-69\" alt=\"\" width=\"720\" height=\"363\" title=\"travel_map\" src=\"\/\/35.187.121.125\/maritimewomen2019\/wp-content\/uploads\/sites\/4\/2018\/09\/travel_map.png\" style=\"width: 100%\" srcset=\"http:\/\/conferences.wmu.se\/colp43\/wp-content\/uploads\/sites\/4\/2018\/09\/travel_map.png 720w, http:\/\/conferences.wmu.se\/colp43\/wp-content\/uploads\/sites\/4\/2018\/09\/travel_map-300x151.png 300w\" sizes=\"auto, (max-width: 720px) 100vw, 720px\" \/><\/span><\/p>\n<p><strong>Accommodation<\/strong><\/p>\n<p>The World Maritime University is centrally located and there are several hotels within walking distance of the University. There are a limited number of discounted rooms for the conference that are available on a first-come, first-served basis at <a href=\"https:\/\/www.nordicchoicehotels.com\/hotels\/sweden\/malmo\/quality-hotel-the-mill\/\" target=\"_blank\">Quality Hotel The Mill<\/a> that is located 1.4km from the University. To be eligible for the discounted rate of 1280sek per night for a standard room for one person at The Mill , please use the booking number 2033GR000077. A limited number of discounted rooms are also available at the <a href=\"https:\/\/www.nordicchoicehotels.com\/hotels\/sweden\/malmo\/clarion-collection-hotel-temperance\/\" target=\"_blank\">Clarion Collection Hotel Temperance&nbsp;<\/a>that is located 500m from WMU. To be eligible for the discounted rate of 1380sek per night for a standard room for one person, &nbsp;please use the booking number 6716 when you call to make your reservation. Note that May is a very popular month for events in Malm\u00f6, and hotel space will be limited so it is wise to make bookings for your accommodation of choice well in advance.<\/p>\n<\/p>\n<p><span><strong>Copenhagen (Kastrup) Airport&nbsp;<\/strong><\/span>Kastrup Airport in Copenhagen, Denmark is the closest international airport to Malm\u00f6, and just a short train ride away from WMU. Train tickets can be purchased in the arrival hall after you have collected your baggage and cleared immigration. You must purchase your ticket before boarding the train. Trains to Malm\u00f6 depart approximately every 20 minutes. The closest stop to WMU is Malm\u00f6 C. Once you board the train, it should take less than 30 minutes to reach Malm\u00f6 C.<\/p>\n<p>&nbsp;<\/p>\n<p><strong><span>Sturup Airport<\/span><\/strong>Sturup airport is located in Sweden about 30 km outside Malm\u00f6. You can take a taxi to your destination of choice, or ride the bus to the Central Station in Malm\u00f6. The journey is approximately 45 minutes. From the train station you could take a taxi to your accommodations, although most hotels, and WMU are within reasonable walking distance.<\/p>\n<p>&nbsp;<\/p>\n<p>The walk to WMU from the train station is less than five minutes. Exit the main entrance of the train station to reach the area where the buses load. Turn to your right and head towards the yellow building that says Malm\u00f6 B\u00f6rshus. Cross the street and head left. Turn to your right before you cross the canal. As you walk forward along the canal, the tower of the WMU building will come into view. &nbsp;Take the foot bridge across the water and continue along the canal until you reach the WMU main entrance.<\/p>\n<p>&nbsp;<\/p>\n<p><strong><span>Malm\u00f6 Public transport system<\/span><\/strong>Central Station is the hub for Malm\u00f6&#8217;s excellent public transportation system.&nbsp;Please note that all tickets for train and bus travel must be purchased before boarding as cash is not accepted on buses or trains. Staff at the Central Station transport office, Sk\u00e5netrafiken, can advise you on the best option for travel and purchasing tickets based on your destination. Information in English about local bus and train travel can be found&nbsp;<span><a href=\"http:\/\/www.skanetrafiken.se\/templates\/StartPage.aspx?id=34318&amp;epslanguage=EN\" target=\"_blank\">here<\/a><\/span>&nbsp;at the Sk\u00e5netrafiken website.&nbsp;<\/p>\n<p>&nbsp;<\/p>\n<p><strong><span>Taxis<\/span><\/strong>Central Station is the closest train stop, and main bus stop, to WMU. There is a taxi stand outside Central Station if needed&nbsp;although WMU and most hotels are within reasonable walking distance.&nbsp;Taxis can be reached at (+46) 40 70 000 or (+46) 40 23 23 23 or (+46) 40 97 97 97. WMU has a corporate arrangement with&nbsp;the company Taxikuriren. For details please contact the WMU reception desk,&nbsp;<span><a href=\"mailto:frontdesk@wmu.se\">frontdesk@wmu.se<\/a><\/span>&nbsp;or +46 40 35 63 00.&nbsp;<\/p>\n<p>&nbsp;<\/p>\n<p><strong><span>Climate Neutral Travel<\/span><\/strong>You can offset your travel and take responsibility for your travel footprint by using UN-certified emissions reductions though the UNFCC <a href=\"http:\/\/climateneutralnow.org\/SitePages\/Home.aspx?utm_source=Climate+Neutral+Now+email+to+COP+participants&amp;utm_campaign=Offset+COP+Travel+Email&amp;utm_medium=email\" target=\"_blank\"><span>Climate Neural Now initiative<\/span>.<\/a>&nbsp;Emission reductions are created by projects that either remove emissions from the atmosphere, for example, by absorbing carbon dioxide in trees, or avoid creation of new emissions, for example, by replacing fossil fuels with renewable energy. To learn more,&nbsp;<span><a href=\"http:\/\/climateneutralnow.org\/SitePages\/Home.aspx?utm_source=Climate+Neutral+Now+email+to+COP+participants&amp;utm_campaign=Offset+COP+Travel+Email&amp;utm_medium=email\" target=\"_blank\">click here.<\/a><\/span><\/p>\n","protected":false},"excerpt":{"rendered":"<p>Travel Accommodation The World Maritime University is centrally located and there are several hotels within walking distance of the University. There are a limited number of discounted rooms for the conference that are available on a first-come, first-served basis at Quality Hotel The Mill that is located 1.4km from the University. To be eligible for [&hellip;]<\/p>\n","protected":false},"author":1,"featured_media":0,"parent":28,"menu_order":0,"comment_status":"closed","ping_status":"closed","template":"landing-page.php","meta":{"footnotes":""},"class_list":["post-50","page","type-page","status-publish","hentry"],"yoast_head":"<!-- This site is optimized with the Yoast SEO plugin v27.0 - https:\/\/yoast.com\/product\/yoast-seo-wordpress\/ -->\n<title>Travel - COLP43<\/title>\n<meta name=\"robots\" content=\"index, follow, max-snippet:-1, max-image-preview:large, max-video-preview:-1\" \/>\n<link rel=\"canonical\" href=\"https:\/\/conferences.wmu.se\/colp43\/info\/travel\/\" \/>\n<meta property=\"og:locale\" content=\"en_US\" \/>\n<meta property=\"og:type\" content=\"article\" \/>\n<meta property=\"og:title\" content=\"Travel - COLP43\" \/>\n<meta property=\"og:description\" content=\"Travel Accommodation The World Maritime University is centrally located and there are several hotels within walking distance of the University. There are a limited number of discounted rooms for the conference that are available on a first-come, first-served basis at Quality Hotel The Mill that is located 1.4km from the University. To be eligible for [&hellip;]\" \/>\n<meta property=\"og:url\" content=\"https:\/\/conferences.wmu.se\/colp43\/info\/travel\/\" \/>\n<meta property=\"og:site_name\" content=\"COLP43\" \/>\n<meta property=\"article:modified_time\" content=\"2019-01-22T10:36:00+00:00\" \/>\n<meta name=\"twitter:card\" content=\"summary_large_image\" \/>\n<meta name=\"twitter:label1\" content=\"Est. reading time\" \/>\n\t<meta name=\"twitter:data1\" content=\"3 minutes\" \/>\n<script type=\"application\/ld+json\" class=\"yoast-schema-graph\">{\"@context\":\"https:\/\/schema.org\",\"@graph\":[{\"@type\":\"WebPage\",\"@id\":\"https:\/\/conferences.wmu.se\/colp43\/info\/travel\/\",\"url\":\"https:\/\/conferences.wmu.se\/colp43\/info\/travel\/\",\"name\":\"Travel - COLP43\",\"isPartOf\":{\"@id\":\"http:\/\/conferences.wmu.se\/colp43\/#website\"},\"datePublished\":\"2018-09-27T08:01:53+00:00\",\"dateModified\":\"2019-01-22T10:36:00+00:00\",\"breadcrumb\":{\"@id\":\"https:\/\/conferences.wmu.se\/colp43\/info\/travel\/#breadcrumb\"},\"inLanguage\":\"en-US\",\"potentialAction\":[{\"@type\":\"ReadAction\",\"target\":[\"https:\/\/conferences.wmu.se\/colp43\/info\/travel\/\"]}]},{\"@type\":\"BreadcrumbList\",\"@id\":\"https:\/\/conferences.wmu.se\/colp43\/info\/travel\/#breadcrumb\",\"itemListElement\":[{\"@type\":\"ListItem\",\"position\":1,\"name\":\"Home\",\"item\":\"http:\/\/conferences.wmu.se\/colp43\/\"},{\"@type\":\"ListItem\",\"position\":2,\"name\":\"Info\",\"item\":\"http:\/\/conferences.wmu.se\/colp43\/info\/\"},{\"@type\":\"ListItem\",\"position\":3,\"name\":\"Travel\"}]},{\"@type\":\"WebSite\",\"@id\":\"http:\/\/conferences.wmu.se\/colp43\/#website\",\"url\":\"http:\/\/conferences.wmu.se\/colp43\/\",\"name\":\"COLP43\",\"description\":\"43rd Annual Center for Oceans Law and Policy Conference\",\"potentialAction\":[{\"@type\":\"SearchAction\",\"target\":{\"@type\":\"EntryPoint\",\"urlTemplate\":\"http:\/\/conferences.wmu.se\/colp43\/?s={search_term_string}\"},\"query-input\":{\"@type\":\"PropertyValueSpecification\",\"valueRequired\":true,\"valueName\":\"search_term_string\"}}],\"inLanguage\":\"en-US\"}]}<\/script>\n<!-- \/ Yoast SEO plugin. -->","yoast_head_json":{"title":"Travel - COLP43","robots":{"index":"index","follow":"follow","max-snippet":"max-snippet:-1","max-image-preview":"max-image-preview:large","max-video-preview":"max-video-preview:-1"},"canonical":"https:\/\/conferences.wmu.se\/colp43\/info\/travel\/","og_locale":"en_US","og_type":"article","og_title":"Travel - COLP43","og_description":"Travel Accommodation The World Maritime University is centrally located and there are several hotels within walking distance of the University. There are a limited number of discounted rooms for the conference that are available on a first-come, first-served basis at Quality Hotel The Mill that is located 1.4km from the University. To be eligible for [&hellip;]","og_url":"https:\/\/conferences.wmu.se\/colp43\/info\/travel\/","og_site_name":"COLP43","article_modified_time":"2019-01-22T10:36:00+00:00","twitter_card":"summary_large_image","twitter_misc":{"Est. reading time":"3 minutes"},"schema":{"@context":"https:\/\/schema.org","@graph":[{"@type":"WebPage","@id":"https:\/\/conferences.wmu.se\/colp43\/info\/travel\/","url":"https:\/\/conferences.wmu.se\/colp43\/info\/travel\/","name":"Travel - COLP43","isPartOf":{"@id":"http:\/\/conferences.wmu.se\/colp43\/#website"},"datePublished":"2018-09-27T08:01:53+00:00","dateModified":"2019-01-22T10:36:00+00:00","breadcrumb":{"@id":"https:\/\/conferences.wmu.se\/colp43\/info\/travel\/#breadcrumb"},"inLanguage":"en-US","potentialAction":[{"@type":"ReadAction","target":["https:\/\/conferences.wmu.se\/colp43\/info\/travel\/"]}]},{"@type":"BreadcrumbList","@id":"https:\/\/conferences.wmu.se\/colp43\/info\/travel\/#breadcrumb","itemListElement":[{"@type":"ListItem","position":1,"name":"Home","item":"http:\/\/conferences.wmu.se\/colp43\/"},{"@type":"ListItem","position":2,"name":"Info","item":"http:\/\/conferences.wmu.se\/colp43\/info\/"},{"@type":"ListItem","position":3,"name":"Travel"}]},{"@type":"WebSite","@id":"http:\/\/conferences.wmu.se\/colp43\/#website","url":"http:\/\/conferences.wmu.se\/colp43\/","name":"COLP43","description":"43rd Annual Center for Oceans Law and Policy Conference","potentialAction":[{"@type":"SearchAction","target":{"@type":"EntryPoint","urlTemplate":"http:\/\/conferences.wmu.se\/colp43\/?s={search_term_string}"},"query-input":{"@type":"PropertyValueSpecification","valueRequired":true,"valueName":"search_term_string"}}],"inLanguage":"en-US"}]}},"_links":{"self":[{"href":"http:\/\/conferences.wmu.se\/colp43\/wp-json\/wp\/v2\/pages\/50","targetHints":{"allow":["GET"]}}],"collection":[{"href":"http:\/\/conferences.wmu.se\/colp43\/wp-json\/wp\/v2\/pages"}],"about":[{"href":"http:\/\/conferences.wmu.se\/colp43\/wp-json\/wp\/v2\/types\/page"}],"author":[{"embeddable":true,"href":"http:\/\/conferences.wmu.se\/colp43\/wp-json\/wp\/v2\/users\/1"}],"replies":[{"embeddable":true,"href":"http:\/\/conferences.wmu.se\/colp43\/wp-json\/wp\/v2\/comments?post=50"}],"version-history":[{"count":17,"href":"http:\/\/conferences.wmu.se\/colp43\/wp-json\/wp\/v2\/pages\/50\/revisions"}],"predecessor-version":[{"id":408,"href":"http:\/\/conferences.wmu.se\/colp43\/wp-json\/wp\/v2\/pages\/50\/revisions\/408"}],"up":[{"embeddable":true,"href":"http:\/\/conferences.wmu.se\/colp43\/wp-json\/wp\/v2\/pages\/28"}],"wp:attachment":[{"href":"http:\/\/conferences.wmu.se\/colp43\/wp-json\/wp\/v2\/media?parent=50"}],"curies":[{"name":"wp","href":"https:\/\/api.w.org\/{rel}","templated":true}]}}